{"id":163,"date":"2013-06-15T23:57:42","date_gmt":"2013-06-15T23:57:42","guid":{"rendered":"http:\/\/notariusz-otwock.pl\/?page_id=163"},"modified":"2018-12-03T08:06:46","modified_gmt":"2018-12-03T08:06:46","slug":"163-2","status":"publish","type":"page","link":"https:\/\/notariusz-mwasiak.pl\/","title":{"rendered":"Strona G\u0142\u00f3wna"},"content":{"rendered":"<h2 style=\"text-align: center;\"><strong>Adres:<\/strong><\/h2>\n<h3 style=\"text-align: center;\">ul. Mieczys\u0142awa Po\u017caryskiego 68, lokal 1<\/h3>\n<h3 style=\"text-align: center;\">04-632 Warszawa<\/h3>\n<h4 style=\"text-align: center;\">\u00a0<\/h4>\n<h2 style=\"text-align: center;\"><strong>Godziny otwarcia:<br \/> <\/strong><\/h2>\n<h3 style=\"text-align: center;\">Poniedzia\u0142ek &#8211; Pi\u0105tek: <br \/> 9:00 &#8211; 15:00<\/h3>\n<h3 style=\"text-align: center;\">w innych godzinach, tak\u017ce w soboty &#8211; po um\u00f3wieniu<\/h3>\n<p>\t\t\t<a href=\" \"><br \/>\n\t\t\t<\/a><\/p>\n<p style=\"text-align: center;\"><a href=\"tel:+48601344078\"> 22 779-52-06<\/a><\/p>\n<p>\t\t\t<a href=\" \"><br \/>\n\t\t\t<\/a><\/p>\n<p style=\"text-align: center;\"><a href=\"tel:+48601344078\">601-344-078<\/a><\/p>\n<p>\t\t\t<a href=\" \"><br \/>\n\t\t\t<\/a><\/p>\n<p style=\"text-align: center;\">wasiak@notariusze.waw.pl<\/p>\n<h2>O mnie<\/h2>\n<p style=\"text-align: justify; background: white; margin: 0cm 0cm 15.0pt 0cm;\">Uko\u0144czy\u0142em Wydzia\u0142 Prawa i Administracji Uniwersytetu Warszawskiego w 1988 r.\u00a0W czasie aplikacji notarialnej pracowa\u0142em w Pa\u0144stwowych Biurach Notarialnych w Otwocku i w Warszawie, a nast\u0119pnie &#8211; jako asesor notarialny &#8211; pracowa\u0142em w latach 1991-1992 w Pa\u0144stwowym Biurze Notarialnym w Otwocku.\u00a0Powo\u0142anie na notariusza otrzyma\u0142em w 1992 r. W latach 1992-2014 prowadzi\u0142em kancelari\u0119 notarialn\u0105 w Otwocku, od 2015 r. prowadz\u0119 kancelari\u0119 notarialn\u0105 w Warszawie.<\/p>\n","protected":false},"excerpt":{"rendered":"<p>Adres: ul. Mieczys\u0142awa Po\u017caryskiego 68, lokal 1 04-632 Warszawa \u00a0 Godziny otwarcia: Poniedzia\u0142ek &#8211; Pi\u0105tek: 9:00 &#8211; 15:00 w innych godzinach, tak\u017ce w soboty &#8211; po um\u00f3wieniu 22 779-52-06 601-344-078 wasiak@notariusze.waw.pl O mnie Uko\u0144czy\u0142em Wydzia\u0142 Prawa i Administracji Uniwersytetu Warszawskiego [&hellip;]<\/p>\n","protected":false},"author":1,"featured_media":0,"parent":0,"menu_order":0,"comment_status":"closed","ping_status":"open","template":"","meta":[],"_links":{"self":[{"href":"https:\/\/notariusz-mwasiak.pl\/index.php?rest_route=\/wp\/v2\/pages\/163"}],"collection":[{"href":"https:\/\/notariusz-mwasiak.pl\/index.php?rest_route=\/wp\/v2\/pages"}],"about":[{"href":"https:\/\/notariusz-mwasiak.pl\/index.php?rest_route=\/wp\/v2\/types\/page"}],"author":[{"embeddable":true,"href":"https:\/\/notariusz-mwasiak.pl\/index.php?rest_route=\/wp\/v2\/users\/1"}],"replies":[{"embeddable":true,"href":"https:\/\/notariusz-mwasiak.pl\/index.php?rest_route=%2Fwp%2Fv2%2Fcomments&post=163"}],"version-history":[{"count":113,"href":"https:\/\/notariusz-mwasiak.pl\/index.php?rest_route=\/wp\/v2\/pages\/163\/revisions"}],"predecessor-version":[{"id":525,"href":"https:\/\/notariusz-mwasiak.pl\/index.php?rest_route=\/wp\/v2\/pages\/163\/revisions\/525"}],"wp:attachment":[{"href":"https:\/\/notariusz-mwasiak.pl\/index.php?rest_route=%2Fwp%2Fv2%2Fmedia&parent=163"}],"curies":[{"name":"wp","href":"https:\/\/api.w.org\/{rel}","templated":true}]}}