{"id":326,"date":"2018-02-04T23:15:14","date_gmt":"2018-02-04T23:15:14","guid":{"rendered":"http:\/\/notariusz-otwock.pl\/?page_id=326"},"modified":"2021-11-04T13:59:31","modified_gmt":"2021-11-04T13:59:31","slug":"dojazd","status":"publish","type":"page","link":"http:\/\/notariusz-mwasiak.pl\/?page_id=326","title":{"rendered":"Dojazd"},"content":{"rendered":"<h2 style=\"text-align: left;\">ul. Mieczys\u0142awa Po\u017caryskiego 68, lokal 1, 04-632 Warszawa<\/h2>\n<p>Kancelaria mie\u015bci si\u0119 na parterze budynku przy ul. Mieczys\u0142awa Po\u017caryskiego 68 lokal 1, w pobli\u017cu dworca PKP Warszawa Anin (500 metr\u00f3w).\u00a0\u00a0<\/p>\n<p>\t\t\t<iframe frameborder=\"0\" scrolling=\"no\" marginheight=\"0\" marginwidth=\"0\" src=\"https:\/\/maps.google.com\/maps?q=mieczys%C5%82awa%20po%C5%BCaryskiego%2068%20lokal%201&amp;t=m&amp;z=13&amp;output=embed&amp;iwloc=near\"><\/iframe>\t\t<\/p>\n<h2>Autobusy do najbli\u017cszych przystank\u00f3w i stacji ZTM Warszawa<\/h2>\n<h2>Dworzec PKP Warszawa Anin <\/h2>\n<h2>R7<\/h2>\n<h2>S1<\/h2>\n<h2>Przystanek Anin, kierunek Piechur\u00f3w <\/h2>\n<h2>521<\/h2>\n<h2>N22<\/h2>\n","protected":false},"excerpt":{"rendered":"<p>ul. Mieczys\u0142awa Po\u017caryskiego 68, lokal 1, 04-632 Warszawa Kancelaria mie\u015bci si\u0119 na parterze budynku przy ul. Mieczys\u0142awa Po\u017caryskiego 68 lokal 1, w pobli\u017cu dworca PKP Warszawa Anin (500 metr\u00f3w).\u00a0\u00a0 Autobusy do najbli\u017cszych przystank\u00f3w i stacji ZTM Warszawa Dworzec PKP Warszawa [&hellip;]<\/p>\n","protected":false},"author":1,"featured_media":0,"parent":0,"menu_order":0,"comment_status":"closed","ping_status":"closed","template":"","meta":[],"_links":{"self":[{"href":"http:\/\/notariusz-mwasiak.pl\/index.php?rest_route=\/wp\/v2\/pages\/326"}],"collection":[{"href":"http:\/\/notariusz-mwasiak.pl\/index.php?rest_route=\/wp\/v2\/pages"}],"about":[{"href":"http:\/\/notariusz-mwasiak.pl\/index.php?rest_route=\/wp\/v2\/types\/page"}],"author":[{"embeddable":true,"href":"http:\/\/notariusz-mwasiak.pl\/index.php?rest_route=\/wp\/v2\/users\/1"}],"replies":[{"embeddable":true,"href":"http:\/\/notariusz-mwasiak.pl\/index.php?rest_route=%2Fwp%2Fv2%2Fcomments&post=326"}],"version-history":[{"count":25,"href":"http:\/\/notariusz-mwasiak.pl\/index.php?rest_route=\/wp\/v2\/pages\/326\/revisions"}],"predecessor-version":[{"id":535,"href":"http:\/\/notariusz-mwasiak.pl\/index.php?rest_route=\/wp\/v2\/pages\/326\/revisions\/535"}],"wp:attachment":[{"href":"http:\/\/notariusz-mwasiak.pl\/index.php?rest_route=%2Fwp%2Fv2%2Fmedia&parent=326"}],"curies":[{"name":"wp","href":"https:\/\/api.w.org\/{rel}","templated":true}]}}